{"id":974,"date":"2022-03-22T09:33:14","date_gmt":"2022-03-22T08:33:14","guid":{"rendered":"https:\/\/le-besso.ch\/?page_id=974"},"modified":"2026-04-20T11:10:31","modified_gmt":"2026-04-20T09:10:31","slug":"our-offers","status":"publish","type":"page","link":"https:\/\/le-besso.ch\/en\/our-offers\/","title":{"rendered":"Our offers"},"content":{"rendered":"\n<div class=\"wp-block-group\"><div class=\"wp-block-group__inner-container is-layout-flow wp-block-group-is-layout-flow\">\n\n<div id=\"banner-block_83c912e1206f690e7682869c456a38ec\" class=\"c-block-title-page text--center mb-xs-30 mb-xs-80\">\n    <h1 class=\"title__page\"><strong>Special offers<\/strong><\/h1>\n        <h2 class=\"title__page\">Enjoy our offers all year long<\/h2>\n    <\/div>\n<\/div><\/div>\n\n\n\n\n<div id=\"block-block_30413f73a85c919bc76a238e6deb29d2\" class=\"c-block-offre container mb-xs-70\">\n   <div class=\"c-block-offre__title\"><h2><strong>ANNIVIERS LIBERT\u00c9 &#038; MAGIC PASS<\/h2><\/strong><\/div>\n   <div class=\"flex-row flex-col-md-2 flex-col-sm-2\">\n       <div class=\"col mb-xs-40\">\n            <div class=\"c-block-offre__img\">\n                <img decoding=\"async\" src=\"https:\/\/le-besso.ch\/wp-content\/uploads\/2021\/12\/hotel-europe-zinal-offres-en-anniviers-logo-magic-pass-2@2x.png\" alt=\"\">\n            <\/div>\n            <div class=\"c-block-offre__content\">\n                <p>Magic Pass is an annual pass valid from the opening of lift services in May until the end of the following winter season that allows unlimited and unrestricted access to the entirety of lift infrastructure at partner resorts.<\/p>\n            <\/div>\n                        <div class=\"c-block-offre__cta\">\n                <a href=\"https:\/\/www.magicpass.ch\/fr\/\" target=\"_blank\" class=\"btn btn-secondary\">More information<\/a>\n            <\/div>\n                   <\/div>\n       <div class=\"col mb-xs-40\">\n            <div class=\"c-block-offre__img\">\n                <img decoding=\"async\" src=\"https:\/\/le-besso.ch\/wp-content\/uploads\/2025\/06\/Logo-AL-version-2025.png\" alt=\"\">\n            <\/div>\n            <div class=\"c-block-offre__content\">\n                <p>Anniviers Libert\u00e9\u2019s services: \u2013 50% Half-price for the Remont\u00e9es M\u00e9caniques d\u2019Anniviers, swimming pools, tennis, minigolf, free access to some cultural attractions, free use of the post bus in Val d\u2019Anniviers (Journeys to and from Sierre and Vercorin are not included in the benefits of the \u201cAnniviers Libert\u00e9\u201d pass). The pass is obtained if you spend one night or more in Anniviers.<\/p>\n            <\/div>\n                        <div class=\"c-block-offre__cta\">\n                <a href=\"https:\/\/www.valdanniviers.ch\/fr\/Z15088\/pass-anniviers-liberte\" target=\"_blank\" class=\"btn btn-secondary\">More information<\/a>\n            <\/div>\n                   <\/div>\n   <\/div>\n<\/div>\n\n\n\n\n<section id=\"banner-block_d5efa4035117a2cb3ff5fac4561f638f\" class=\"c-block-text-image mb-md-150 mb-xs-70 alignleft\">\n    <div class=\"c-block-text-image__grid grid\">\n        <div class=\"c-block-text-image__text-container cell-x-xs-2-12 cell-x-sm-7-7 cell-y-xs-2-1 cell-y-sm-1-2 cell-front vert-flex\">\n            <div class=\"c-block-text-image__text\">\n                <div><h2><strong><span style=\"color: #6e6e6e;\">ALTITUDE CO&#8217;WORKING : Working at altitude <\/span><\/strong><\/h2>\n<p>As a nomadic worker, you&#8217;ll enjoy free access to the co-working space for one day during your stay, as well as a preferential rate for your overnight stays in Anniviers.<\/p>\n<p>This special &#8220;coworking&#8221; offer, which will enable you to work in an inspiring atmosphere, close to nature for your breaks, includes :<\/p>\n<p>&#8211; 10% discount on single room including breakfast<br \/>\n&#8211; High-speed wifi connection<br \/>\n&#8211; 1 free day at the Coworking Space of your choice:<br \/>\nVissoie- Espace Anniviers : <a href=\"http:\/\/www.espace-anniviers.ch\">www.espace-anniviers.ch<\/a><br \/>\nGrimentz &#8211; Coworking Grimentz: <a href=\"http:\/\/www.coworking-grimentz.ch\">www.coworking-grimentz.ch<\/a><\/p>\n<p>&nbsp;<\/p>\n<p>Booking : <a href=\"mailto:reservations@grimentz-zinal.ch\">reservations@grimentz-zinal.ch<\/a> with &#8220;Le Besso Co-working Offer&#8221;.<\/p>\n<\/div>\n                                <a href=\"mailto:reservations@grimentz-zinal.ch\" target=\"_blank\" class=\"btn btn-primary mt-xs-30\">Take advantage of the offer<\/a>\n                            <\/div>\n        <\/div>\n        <div class=\"c-block-text-image__image parallax-up cell-x-xs-1-14 cell-x-sm-2-9 cell-y-xs-1-1 cell-y-sm-1-2 vert-flex\">\n            <img decoding=\"async\" src=\"https:\/\/le-besso.ch\/wp-content\/uploads\/sites\/7\/2023\/04\/pexels-jeshoots-238118-scaled.jpg\" alt=\"\" width=1130>\n        <\/div>\n    <\/div>\n<\/section>\n\n\n\n\n<section id=\"banner-block_1911613da1fcf472f8d1c934df4f8145\" class=\"c-block-text-image mb-md-150 mb-xs-70 alignright\">\n    <div class=\"c-block-text-image__grid grid\">\n        <div class=\"c-block-text-image__text-container cell-x-xs-2-12 cell-x-sm-2-7 cell-y-xs-2-1 cell-y-sm-1-2 cell-front vert-flex\">\n            <div class=\"c-block-text-image__text\">\n                <div><h2><span style=\"color: #878383;\"><strong>THE UNIQUE CYCLING EXPERIENCE<\/strong><\/span><\/h2>\n<p>&#8211; 2 Nights in a double room<br \/>\n&#8211; Full board with picnic lunch<br \/>\n&#8211; Welcome drink on arrival day<br \/>\n&#8211; Entrance fee for indoor swimming pool (closed on Monday)<br \/>\n&#8211; 50% discount on ski lifts<br \/>\n&#8211; Free outdoor parking<br \/>\n&#8211; Bike room<br \/>\n&#8211; Recharging station for electric bikes<br \/>\n&#8211; Access to the workshop equipped with a repair stand and tools<\/p>\n<p>&nbsp;<\/p>\n<p>Reservation: <a href=\"mailto:reservations@grimentz-zinal.ch\">reservations@grimentz-zinal.ch<\/a> with the mention &#8220;Le Besso bike offer&#8221;.<\/p>\n<\/div>\n                                <a href=\"mailto:reservations@grimentz-zinal.ch\"  class=\"btn btn-primary mt-xs-30\">Enjoy our offer<\/a>\n                            <\/div>\n        <\/div>\n        <div class=\"c-block-text-image__image parallax-up cell-x-xs-1-14 cell-x-sm-5-9 cell-y-xs-1-1 cell-y-sm-1-2 vert-flex\">\n            <img decoding=\"async\" src=\"https:\/\/le-besso.ch\/wp-content\/uploads\/sites\/7\/2022\/10\/FUNI0359-scaled.jpg\" alt=\"\" width=1130>\n        <\/div>\n    <\/div>\n<\/section>\n\n\n\n\n<section id=\"banner-block_a6e8e9de5d755c81c27325428d5f8c8b\" class=\"c-block-text-image mb-md-150 mb-xs-70 alignleft\">\n    <div class=\"c-block-text-image__grid grid\">\n        <div class=\"c-block-text-image__text-container cell-x-xs-2-12 cell-x-sm-7-7 cell-y-xs-2-1 cell-y-sm-1-2 cell-front vert-flex\">\n            <div class=\"c-block-text-image__text\">\n                <div><h2><span style=\"color: #878383;\"><strong>GO HIKING THROUGH THE COLOURFUL LANDSCAPE<\/strong><\/span><\/h2>\n<p>&#8211; 2 Nights in a double room<br \/>\n&#8211; Breakfast on board<br \/>\n&#8211; Welcome drink on arrival day<br \/>\n&#8211; 3-course dinner on arrival day<br \/>\n&#8211; 50% off the ski lifts<br \/>\n&#8211; Free outdoor parking<br \/>\n&#8211; Free access to the swimming pool in Zinal (closed on Monday)<\/p>\n<p>&nbsp;<\/p>\n<p>Reservation: <a href=\"mailto:reservations@grimentz-zinal.ch\">reservations@grimentz-zinal.ch<\/a> with the mention &#8220;Autumn offer Le Besso&#8221;<\/p>\n<\/div>\n                                <a href=\"mailto:reservations@grimentz-zinal.ch\"  class=\"btn btn-primary mt-xs-30\">Enjoy our offer<\/a>\n                            <\/div>\n        <\/div>\n        <div class=\"c-block-text-image__image parallax-up cell-x-xs-1-14 cell-x-sm-2-9 cell-y-xs-1-1 cell-y-sm-1-2 vert-flex\">\n            <img decoding=\"async\" src=\"https:\/\/le-besso.ch\/wp-content\/uploads\/sites\/7\/2022\/05\/Tour2500_7-1-low.jpg\" alt=\"\" width=1130>\n        <\/div>\n    <\/div>\n<\/section>\n\n\n\n\n<section id=\"banner-block_212e7b8d2145686e5cb5a8eeedd18f7c\" class=\"c-block-text-image mb-md-150 mb-xs-70 alignright\">\n    <div class=\"c-block-text-image__grid grid\">\n        <div class=\"c-block-text-image__text-container cell-x-xs-2-12 cell-x-sm-2-7 cell-y-xs-2-1 cell-y-sm-1-2 cell-front vert-flex\">\n            <div class=\"c-block-text-image__text\">\n                <div><h2><span style=\"color: #878383;\"><strong>ENJOY WINTER IN A PICTURESQUE MOUNTAIN VILLAGE<\/strong><\/span><\/h2>\n<p>\u2013 2 Nights in a double room<br \/>\n\u2013 Halfboard<br \/>\n\u2013 Welcome drink on arrival day<br \/>\n\u2013 Free outdoor parking<\/p>\n<p>&nbsp;<\/p>\n<p>Reservation: <a href=\"mailto:reservations@grimentz-zinal.ch\">reservations@grimentz-zinal.ch<\/a> with the mention &#8220;Winter offer Le Besso&#8221;<\/p>\n<\/div>\n                                <a href=\"mailto:reservations@grimentz-zinal.ch\"  class=\"btn btn-primary mt-xs-30\">Enjoy our offer<\/a>\n                            <\/div>\n        <\/div>\n        <div class=\"c-block-text-image__image parallax-up cell-x-xs-1-14 cell-x-sm-5-9 cell-y-xs-1-1 cell-y-sm-1-2 vert-flex\">\n            <img decoding=\"async\" src=\"https:\/\/le-besso.ch\/wp-content\/uploads\/sites\/7\/2022\/01\/Zinal-ski-paques.jpg\" alt=\"\" width=1130>\n        <\/div>\n    <\/div>\n<\/section>\n\n\n\n\n<aside id=\"banner-block_9303beb2649b84cf257f72f5bbb33f29\" class=\"c-block-banner-cta  my-md-120 my-xs-70\">\n    <div class=\"c container\">\n        <div class=\"banner-cta__content\">\n            <div class=\"banner-cta__figure\">\n              \n                5%\n                <span>Off<\/span>\n             \n               \n            <\/div>\n            <div class=\"banner-cta__text\">\n                <h2>Book online on our website !<\/h2>\n<p>When you book your stay at Le Besso or Le Trift directly on our website, you\u2019re guaranteed the best rate and an immediate 5% discount on your booking.<\/p>\n            <\/div>\n            <div class=\"banner-cta__button\">\n                <a href=\"#booking\"  class=\"btn btn-cta\">Book now<\/a>\n            <\/div>\n        <\/div>\n    <\/div>\n<\/aside>\n\n\n<div class=\"wp-block-group pt-xs-70 bg--gray-light\"><div class=\"wp-block-group__inner-container is-layout-flow wp-block-group-is-layout-flow\">\n<h2 class=\"wp-block-heading has-text-align-center mb-xs-50\">To do during your stay<\/h2>\n\n\n\n<div class=\"wp-block-columns is-layout-flex wp-container-core-columns-is-layout-9d6595d7 wp-block-columns-is-layout-flex\">\n<div class=\"wp-block-column is-layout-flow wp-block-column-is-layout-flow\">\n\n<div id=\"block-block_1825c7b409f22c4a87a4372df377e452\" class=\"c-block-service mb-md-60 mb-xs-40\">\n   \n    <div class=\"c-block-service__img\">\n        <img decoding=\"async\" src=\"https:\/\/le-besso.ch\/wp-content\/uploads\/sites\/7\/2021\/12\/hotel-europe-zinal-contact-acces-picto-materiel-chaussure-marche.svg\" alt=\"\">\n    <\/div>\n    <div class=\"c-block-service__title\">\n        <h2 class=\"title__small\">Activities in Anniviers<\/h2>\n    <\/div>\n    <div class=\"c-block-service__content\">\n        <ul>\n<li style=\"text-align: center;\"><a href=\"http:\/\/www.valdanniviers.ch\/\" target=\"_blank\" rel=\"noopener\">Our r\u00e9gion, Val d&#8217;Anniviers<\/a><\/li>\n<\/ul>\n    <\/div>\n       \n<\/div>\n<\/div>\n\n\n\n<div class=\"wp-block-column is-layout-flow wp-block-column-is-layout-flow\">\n\n<div id=\"block-block_0bb03f40ec448f01f1d2913efcdacb1b\" class=\"c-block-service mb-md-60 mb-xs-40\">\n   \n    <div class=\"c-block-service__img\">\n        <img decoding=\"async\" src=\"https:\/\/le-besso.ch\/wp-content\/uploads\/sites\/7\/2021\/12\/hotel-europe-zinal-contact-acces-picto-materiel-ski.svg\" alt=\"\">\n    <\/div>\n    <div class=\"c-block-service__title\">\n        <h2 class=\"title__small\">Your equipment<\/h2>\n    <\/div>\n    <div class=\"c-block-service__content\">\n        <ul>\n<li style=\"text-align: center;\"><a href=\"https:\/\/www.skiset.co.uk\/partner\/rmzinal\" target=\"_blank\" rel=\"noopener\">Skiset Olympia Sports, Zinal<\/a><\/li>\n<li style=\"text-align: center;\"><a href=\"http:\/\/www.intersportrent.ch\/en\/shop\/shop\/index?select_dealer=13617\" target=\"_blank\" rel=\"noopener\">Intersport Zinal Sports, Zinal<\/a><\/li>\n<\/ul>\n    <\/div>\n       \n<\/div>\n<\/div>\n\n\n\n<div class=\"wp-block-column is-layout-flow wp-block-column-is-layout-flow\">\n\n<div id=\"block-block_c2ceebb06765414c22e8d705538633db\" class=\"c-block-service mb-md-60 mb-xs-40\">\n   \n    <div class=\"c-block-service__img\">\n        <img decoding=\"async\" src=\"https:\/\/le-besso.ch\/wp-content\/uploads\/sites\/7\/2021\/12\/hotel-europe-zinal-contact-acces-picto-skieur.svg\" alt=\"\">\n    <\/div>\n    <div class=\"c-block-service__title\">\n        <h2 class=\"title__small\">Ski school<\/h2>\n    <\/div>\n    <div class=\"c-block-service__content\">\n        <ul>\n<li style=\"text-align: center;\"><a href=\"http:\/\/ess-zinal.ch\/\" target=\"_blank\" rel=\"noopener\">Ecole Suisse de ski, Zinal<\/a><\/li>\n<\/ul>\n    <\/div>\n       \n<\/div>\n<\/div>\n\n\n\n<div class=\"wp-block-column is-layout-flow wp-block-column-is-layout-flow\">\n\n<div id=\"block-block_2886854c233438e907f7caa07b1037e1\" class=\"c-block-service mb-md-60 mb-xs-40\">\n   \n    <div class=\"c-block-service__img\">\n        <img decoding=\"async\" src=\"https:\/\/le-besso.ch\/wp-content\/uploads\/sites\/7\/2021\/12\/hotel-europe-zinal-contact-acces-picto-partenaire.svg\" alt=\"\">\n    <\/div>\n    <div class=\"c-block-service__title\">\n        <h2 class=\"title__small\">Partners hotels<\/h2>\n    <\/div>\n    <div class=\"c-block-service__content\">\n        <ul>\n<li style=\"text-align: center;\"><a href=\"http:\/\/cinq4000.ch\/\" target=\"_blank\" rel=\"noopener\">H\u00f4tels Cinq 4000<\/a><\/li>\n<li style=\"text-align: center;\"><a href=\"https:\/\/alpina-grimentz.com\/?skd-language-code=de\">H\u00f4tel Alpina<\/a><\/li>\n<li style=\"text-align: center;\"><a href=\"https:\/\/le-besso.ch\/?skd-language-code=de\">H\u00f4tel Le Besso<\/a><\/li>\n<li style=\"text-align: center;\"><a href=\"https:\/\/cristal-grimentz.ch\/?skd-language-code=de\">H\u00f4tel Cristal<\/a><\/li>\n<li style=\"text-align: center;\"><a href=\"https:\/\/lapointedezinal.ch\/?skd-language-code=de#notre-hotel-swiss-sport-lodge\">H\u00f4tel La Pointe<\/a><\/li>\n<\/ul>\n    <\/div>\n       \n<\/div>\n<\/div>\n<\/div>\n<\/div><\/div>\n","protected":false},"excerpt":{"rendered":"<p>To do during your stay<\/p>\n","protected":false},"author":1,"featured_media":0,"parent":0,"menu_order":0,"comment_status":"closed","ping_status":"closed","template":"","meta":{"_acf_changed":false,"footnotes":""},"class_list":["post-974","page","type-page","status-publish","hentry"],"acf":[],"yoast_head":"<!-- This site is optimized with the Yoast SEO plugin v26.1.1 - https:\/\/yoast.com\/wordpress\/plugins\/seo\/ -->\n<title>H\u00f4tel Val d&#039;Anniviers, d\u00e9couvrez toutes nos offres |\u00a0H\u00f4tel Le Besso<\/title>\n<meta name=\"description\" content=\"Venez profitez de nos offres sp\u00e9ciales au sein de notre h\u00f4tel se trouvant au c\u0153ur du Val d&#039;Anniviers. Profitez d&#039;un s\u00e9jour en famille dans le centre de Zinal !\" \/>\n<meta name=\"robots\" content=\"index, follow, max-snippet:-1, max-image-preview:large, max-video-preview:-1\" \/>\n<link rel=\"canonical\" href=\"https:\/\/le-besso.ch\/en\/our-offers\/\" \/>\n<meta property=\"og:locale\" content=\"en_US\" \/>\n<meta property=\"og:type\" content=\"article\" \/>\n<meta property=\"og:title\" content=\"H\u00f4tel Val d&#039;Anniviers, d\u00e9couvrez toutes nos offres |\u00a0H\u00f4tel Le Besso\" \/>\n<meta property=\"og:description\" content=\"Venez profitez de nos offres sp\u00e9ciales au sein de notre h\u00f4tel se trouvant au c\u0153ur du Val d&#039;Anniviers. Profitez d&#039;un s\u00e9jour en famille dans le centre de Zinal !\" \/>\n<meta property=\"og:url\" content=\"https:\/\/le-besso.ch\/en\/our-offers\/\" \/>\n<meta property=\"og:site_name\" content=\"Hotel Le Besso\" \/>\n<meta property=\"article:modified_time\" content=\"2026-04-20T09:10:31+00:00\" \/>\n<meta name=\"twitter:card\" content=\"summary_large_image\" \/>\n<meta name=\"twitter:label1\" content=\"Est. reading time\" \/>\n\t<meta name=\"twitter:data1\" content=\"1 minute\" \/>\n<script type=\"application\/ld+json\" class=\"yoast-schema-graph\">{\"@context\":\"https:\/\/schema.org\",\"@graph\":[{\"@type\":\"WebPage\",\"@id\":\"https:\/\/le-besso.ch\/en\/our-offers\/\",\"url\":\"https:\/\/le-besso.ch\/en\/our-offers\/\",\"name\":\"H\u00f4tel Val d'Anniviers, d\u00e9couvrez toutes nos offres |\u00a0H\u00f4tel Le Besso\",\"isPartOf\":{\"@id\":\"https:\/\/le-besso.ch\/#website\"},\"datePublished\":\"2022-03-22T08:33:14+00:00\",\"dateModified\":\"2026-04-20T09:10:31+00:00\",\"description\":\"Venez profitez de nos offres sp\u00e9ciales au sein de notre h\u00f4tel se trouvant au c\u0153ur du Val d'Anniviers. Profitez d'un s\u00e9jour en famille dans le centre de Zinal !\",\"breadcrumb\":{\"@id\":\"https:\/\/le-besso.ch\/en\/our-offers\/#breadcrumb\"},\"inLanguage\":\"en-US\",\"potentialAction\":[{\"@type\":\"ReadAction\",\"target\":[\"https:\/\/le-besso.ch\/en\/our-offers\/\"]}]},{\"@type\":\"BreadcrumbList\",\"@id\":\"https:\/\/le-besso.ch\/en\/our-offers\/#breadcrumb\",\"itemListElement\":[{\"@type\":\"ListItem\",\"position\":1,\"name\":\"Accueil\",\"item\":\"https:\/\/le-besso.ch\/en\/\"},{\"@type\":\"ListItem\",\"position\":2,\"name\":\"Our offers\"}]},{\"@type\":\"WebSite\",\"@id\":\"https:\/\/le-besso.ch\/#website\",\"url\":\"https:\/\/le-besso.ch\/\",\"name\":\"Hotel Le Besso\",\"description\":\"H\u00f4tel Zinal, chalet romantique, Val d&#039;Anniviers\",\"publisher\":{\"@id\":\"https:\/\/le-besso.ch\/#organization\"},\"potentialAction\":[{\"@type\":\"SearchAction\",\"target\":{\"@type\":\"EntryPoint\",\"urlTemplate\":\"https:\/\/le-besso.ch\/?s={search_term_string}\"},\"query-input\":{\"@type\":\"PropertyValueSpecification\",\"valueRequired\":true,\"valueName\":\"search_term_string\"}}],\"inLanguage\":\"en-US\"},{\"@type\":\"Organization\",\"@id\":\"https:\/\/le-besso.ch\/#organization\",\"name\":\"Hotel Le Besso\",\"url\":\"https:\/\/le-besso.ch\/\",\"logo\":{\"@type\":\"ImageObject\",\"inLanguage\":\"en-US\",\"@id\":\"https:\/\/le-besso.ch\/#\/schema\/logo\/image\/\",\"url\":\"https:\/\/dev.le-besso.ch\/wp-content\/uploads\/sites\/7\/2022\/01\/hotel-le-besso-zinal-logo.svg\",\"contentUrl\":\"https:\/\/dev.le-besso.ch\/wp-content\/uploads\/sites\/7\/2022\/01\/hotel-le-besso-zinal-logo.svg\",\"width\":200,\"height\":100,\"caption\":\"Hotel Le Besso\"},\"image\":{\"@id\":\"https:\/\/le-besso.ch\/#\/schema\/logo\/image\/\"}}]}<\/script>\n<!-- \/ Yoast SEO plugin. -->","yoast_head_json":{"title":"H\u00f4tel Val d'Anniviers, d\u00e9couvrez toutes nos offres |\u00a0H\u00f4tel Le Besso","description":"Venez profitez de nos offres sp\u00e9ciales au sein de notre h\u00f4tel se trouvant au c\u0153ur du Val d'Anniviers. Profitez d'un s\u00e9jour en famille dans le centre de Zinal !","robots":{"index":"index","follow":"follow","max-snippet":"max-snippet:-1","max-image-preview":"max-image-preview:large","max-video-preview":"max-video-preview:-1"},"canonical":"https:\/\/le-besso.ch\/en\/our-offers\/","og_locale":"en_US","og_type":"article","og_title":"H\u00f4tel Val d'Anniviers, d\u00e9couvrez toutes nos offres |\u00a0H\u00f4tel Le Besso","og_description":"Venez profitez de nos offres sp\u00e9ciales au sein de notre h\u00f4tel se trouvant au c\u0153ur du Val d'Anniviers. Profitez d'un s\u00e9jour en famille dans le centre de Zinal !","og_url":"https:\/\/le-besso.ch\/en\/our-offers\/","og_site_name":"Hotel Le Besso","article_modified_time":"2026-04-20T09:10:31+00:00","twitter_card":"summary_large_image","twitter_misc":{"Est. reading time":"1 minute"},"schema":{"@context":"https:\/\/schema.org","@graph":[{"@type":"WebPage","@id":"https:\/\/le-besso.ch\/en\/our-offers\/","url":"https:\/\/le-besso.ch\/en\/our-offers\/","name":"H\u00f4tel Val d'Anniviers, d\u00e9couvrez toutes nos offres |\u00a0H\u00f4tel Le Besso","isPartOf":{"@id":"https:\/\/le-besso.ch\/#website"},"datePublished":"2022-03-22T08:33:14+00:00","dateModified":"2026-04-20T09:10:31+00:00","description":"Venez profitez de nos offres sp\u00e9ciales au sein de notre h\u00f4tel se trouvant au c\u0153ur du Val d'Anniviers. Profitez d'un s\u00e9jour en famille dans le centre de Zinal !","breadcrumb":{"@id":"https:\/\/le-besso.ch\/en\/our-offers\/#breadcrumb"},"inLanguage":"en-US","potentialAction":[{"@type":"ReadAction","target":["https:\/\/le-besso.ch\/en\/our-offers\/"]}]},{"@type":"BreadcrumbList","@id":"https:\/\/le-besso.ch\/en\/our-offers\/#breadcrumb","itemListElement":[{"@type":"ListItem","position":1,"name":"Accueil","item":"https:\/\/le-besso.ch\/en\/"},{"@type":"ListItem","position":2,"name":"Our offers"}]},{"@type":"WebSite","@id":"https:\/\/le-besso.ch\/#website","url":"https:\/\/le-besso.ch\/","name":"Hotel Le Besso","description":"H\u00f4tel Zinal, chalet romantique, Val d&#039;Anniviers","publisher":{"@id":"https:\/\/le-besso.ch\/#organization"},"potentialAction":[{"@type":"SearchAction","target":{"@type":"EntryPoint","urlTemplate":"https:\/\/le-besso.ch\/?s={search_term_string}"},"query-input":{"@type":"PropertyValueSpecification","valueRequired":true,"valueName":"search_term_string"}}],"inLanguage":"en-US"},{"@type":"Organization","@id":"https:\/\/le-besso.ch\/#organization","name":"Hotel Le Besso","url":"https:\/\/le-besso.ch\/","logo":{"@type":"ImageObject","inLanguage":"en-US","@id":"https:\/\/le-besso.ch\/#\/schema\/logo\/image\/","url":"https:\/\/dev.le-besso.ch\/wp-content\/uploads\/sites\/7\/2022\/01\/hotel-le-besso-zinal-logo.svg","contentUrl":"https:\/\/dev.le-besso.ch\/wp-content\/uploads\/sites\/7\/2022\/01\/hotel-le-besso-zinal-logo.svg","width":200,"height":100,"caption":"Hotel Le Besso"},"image":{"@id":"https:\/\/le-besso.ch\/#\/schema\/logo\/image\/"}}]}},"_links":{"self":[{"href":"https:\/\/le-besso.ch\/en\/wp-json\/wp\/v2\/pages\/974","targetHints":{"allow":["GET"]}}],"collection":[{"href":"https:\/\/le-besso.ch\/en\/wp-json\/wp\/v2\/pages"}],"about":[{"href":"https:\/\/le-besso.ch\/en\/wp-json\/wp\/v2\/types\/page"}],"author":[{"embeddable":true,"href":"https:\/\/le-besso.ch\/en\/wp-json\/wp\/v2\/users\/1"}],"replies":[{"embeddable":true,"href":"https:\/\/le-besso.ch\/en\/wp-json\/wp\/v2\/comments?post=974"}],"version-history":[{"count":43,"href":"https:\/\/le-besso.ch\/en\/wp-json\/wp\/v2\/pages\/974\/revisions"}],"predecessor-version":[{"id":2076,"href":"https:\/\/le-besso.ch\/en\/wp-json\/wp\/v2\/pages\/974\/revisions\/2076"}],"wp:attachment":[{"href":"https:\/\/le-besso.ch\/en\/wp-json\/wp\/v2\/media?parent=974"}],"curies":[{"name":"wp","href":"https:\/\/api.w.org\/{rel}","templated":true}]}}