{"id":292,"date":"2022-01-18T09:23:20","date_gmt":"2022-01-18T08:23:20","guid":{"rendered":"https:\/\/hotel-cristal.europezinal.ch\/?page_id=292"},"modified":"2025-10-31T14:05:00","modified_gmt":"2025-10-31T13:05:00","slug":"our-hotel","status":"publish","type":"page","link":"https:\/\/le-besso.ch\/en\/","title":{"rendered":"Our hotel"},"content":{"rendered":"\n<div class=\"wp-block-group container--narrow\"><div class=\"wp-block-group__inner-container is-layout-flow wp-block-group-is-layout-flow\">\n\n<div id=\"banner-block_7813118f00118ded11499a0758c839c2\" class=\"c-block-title-page text--center mb-xs-30\">\n    <h1 class=\"title__page\"><strong>Our hotel<\/strong><\/h1>\n        <h2 class=\"title__page\">Swiss Romantic Lodge<\/h2>\n    <\/div>\n\n\n\n<h3 style=\"text-align: center;\">Built in 1893, Zinal&#8217;s most charming hotel!<\/h3>\n<p style=\"text-align: center;\">Come and discover our 11-room, fully-equipped Swiss Romantic Lodge in the heart of Val d&#8217;Anniviers. We offer all the comforts you need for a romantic stay in Zinal. H\u00f4tel Le Besso is the ideal place for your next romantic getaway. Situated 300m from the Grimentz-Zinal ski lifts, our hotel is within easy reach of the ski slopes, hiking and biking trails.<\/p>\n<p style=\"text-align: center;\">Hotel Le Besso welcomes you at the following times:<\/p>\n<p style=\"text-align: center;\">Hotel open 7\/7 days<\/p>\n<p style=\"text-align: center;\">Restaurant open from 12:00 to 14:00 for lunch service and from 18:45 to 21:00 for dinner service &#8211; Reservations recommended.<\/p>\n<p style=\"text-align: center;\">Bar-Caf\u00e9 open from 09:00<\/p>\n<p style=\"text-align: center;\"><strong>Winter opening 2025\/26:<\/strong> weekends only from November 22, 2025, then open 7 days a week from December 13, 2025, to April 19, 2026.<\/p>\n<p style=\"text-align: center;\"><strong>Summer opening 2026:<\/strong> from June 27 to October 18, 2026<\/p>\n\n\n\n<div class=\"wp-block-columns c-hotel-badges is-layout-flex wp-container-core-columns-is-layout-9d6595d7 wp-block-columns-is-layout-flex\">\n<div class=\"wp-block-column is-layout-flow wp-block-column-is-layout-flow\">\n<figure class=\"wp-block-image size-full\"><img loading=\"lazy\" decoding=\"async\" width=\"170\" height=\"130\" src=\"https:\/\/dev.le-besso.ch\/wp-content\/uploads\/sites\/7\/2021\/12\/hotel-europe-zinal-notre-hotel-logo-swiss-bike-hotel@2x.png\" alt=\"\" class=\"wp-image-201\"\/><\/figure>\n<\/div>\n\n\n\n<div class=\"wp-block-column is-layout-flow wp-block-column-is-layout-flow\">\n<figure class=\"wp-block-image size-full\"><img loading=\"lazy\" decoding=\"async\" width=\"255\" height=\"195\" src=\"https:\/\/dev.le-besso.ch\/wp-content\/uploads\/sites\/7\/2021\/12\/hotel-europe-zinal-notre-hotel-logo-swiss-lodge@3x.png\" alt=\"\" class=\"wp-image-203\"\/><\/figure>\n<\/div>\n\n\n\n<div class=\"wp-block-column is-layout-flow wp-block-column-is-layout-flow\">\n<!-- TrustYou Widget -->\n<iframe style=\"border:0;width:125px;height:101px;\" src=\"https:\/\/api.trustyou.com\/hotels\/6e60a554-aeb6-4c61-abcb-58f904bdb80d\/seal.html?key=65d30183-bc67-45e3-988b-70e5425489a2&#038;size=l&#038;scale=5\"><\/iframe>\n<!-- TrustYou Widget -->\n<\/div>\n<\/div>\n\n\n\n<div id=\"block_c6af802ead4dbcd0b334fb6f8ddf2be5\" class=\"c-block-cta py-xs-15 aligncenter\">\n    <a href=\"#booking\"  class=\"btn btn-primary\">Book your room<\/a>\n<\/div>\n<\/div><\/div>\n\n\n\n\n<aside id=\"banner-block_c02a6a444ce33b2c44a93d8bf2feeb86\" class=\"c-block-banner-cta  my-md-120 my-xs-70\">\n    <div class=\"c container\">\n        <div class=\"banner-cta__content\">\n            <div class=\"banner-cta__figure\">\n              \n                5%\n                <span>Off<\/span>\n             \n               \n            <\/div>\n            <div class=\"banner-cta__text\">\n                <h2>Book online on our website !<\/h2>\n<p>By booking your room directly, we guarantee you the best price!<br \/>\nYou will also receive a 5% discount for all online bookings on our website.<\/p>\n            <\/div>\n            <div class=\"banner-cta__button\">\n                <a href=\"#booking\"  class=\"btn btn-cta\">Book now<\/a>\n            <\/div>\n        <\/div>\n    <\/div>\n<\/aside>\n\n\n\n<section id=\"banner-block_054d27d5a9f030d0f387ead5e821c8c6\" class=\"c-block-text-image mb-md-150 mb-xs-70 alignright\">\n    <div class=\"c-block-text-image__grid grid\">\n        <div class=\"c-block-text-image__text-container cell-x-xs-2-12 cell-x-sm-2-7 cell-y-xs-2-1 cell-y-sm-1-2 cell-front vert-flex\">\n            <div class=\"c-block-text-image__text\">\n                <div><h2><strong>Location<\/strong> In the heart of the Cinq 4000!<\/h2>\n<p><strong>Located in the typical village of Zinal in the Valais Alps, our hotel is ideally situated just 300m from the Zinal-Sorebois cable car.<\/strong> To satisfy those eager for sport and discovery, mountain bike trails (100 km), hiking trails (100 km), downhill ski trails (250 km) and cross-country ski trails (33 km) are also nearby. A whole range of activities for young and old will delight the whole family during your stay in Anniviers.<\/p>\n<\/div>\n                                <a href=\"https:\/\/www.valdanniviers.ch\/\" target=\"_blank\" class=\"btn btn-primary mt-xs-30\">Read more<\/a>\n                            <\/div>\n        <\/div>\n        <div class=\"c-block-text-image__image parallax-up cell-x-xs-1-14 cell-x-sm-5-10 cell-y-xs-1-1 cell-y-sm-1-2 vert-flex\">\n            <img decoding=\"async\" src=\"https:\/\/le-besso.ch\/wp-content\/uploads\/sites\/7\/2024\/11\/hotel-cinq4000-article-activites-valais-image01-5.jpg\" alt=\"\" width=1130>\n        <\/div>\n    <\/div>\n<\/section>\n\n\n\n\n<section id=\"banner-block_eb5fa8903ce3ac574640ebf5d8021471\" class=\"c-block-text-image mb-md-150 mb-xs-70\">\n    <div class=\"c-block-text-image__grid grid\">\n        <div class=\"c-block-text-image__text-container cell-x-xs-2-12 cell-x-sm-7-7 cell-y-xs-2-1 cell-y-sm-1-2 cell-front vert-flex\">\n            <div class=\"c-block-text-image__text\">\n                <div><h2>Le Besso Historic Hotel Zinal<\/h2>\n<p>The H\u00f4tel du Besso dates back to 1890: &#8220;In Zinal, the pearl of the Val d&#8217;Anniviers, H\u00f4tel du Besso, a small 30-bed hotel founded by Mr. Beno\u00eet Crettaz. In an excellent position. Board rates from 6 to 9 frs. In 1903, the hotel was sold to Joachim Theytaz, and the advertising of the time read: &#8220;Zinal. Telephone 2. H\u00f4tel du Besso. Caf\u00e9-Restaurant. Cars and truck available to transport travelers from Sierre to Ayer. Local specialities. Moderate prices. Guides. Porters. Joachim Theytaz Guide-Owner&#8221;. Joachim, the current manager, looks forward to welcoming you to this Zinal landmark and introducing you to the latest version of the Besso.<\/p>\n<\/div>\n                            <\/div>\n        <\/div>\n        <div class=\"c-block-text-image__image parallax-up cell-x-xs-1-14 cell-x-sm-1-10 cell-y-xs-1-1 cell-y-sm-1-2 vert-flex\">\n            <img decoding=\"async\" src=\"https:\/\/le-besso.ch\/wp-content\/uploads\/sites\/7\/2022\/02\/besso-historique.jpeg\" alt=\"\" width=1130>\n        <\/div>\n    <\/div>\n<\/section>\n\n\n\n<div class=\"wp-block-group pt-xs-60 bg--gray-light\"><div class=\"wp-block-group__inner-container is-layout-flow wp-block-group-is-layout-flow\">\n<div class=\"wp-block-columns is-layout-flex wp-container-core-columns-is-layout-9d6595d7 wp-block-columns-is-layout-flex\">\n<div class=\"wp-block-column is-layout-flow wp-block-column-is-layout-flow\">\n\n<div id=\"block-block_66c930950663e7dd00f905323c45fa25\" class=\"c-block-service mb-md-60 mb-xs-40\">\n   \n    <div class=\"c-block-service__img\">\n        <img decoding=\"async\" src=\"https:\/\/le-besso.ch\/wp-content\/uploads\/sites\/7\/2021\/12\/hotel-europe-zinal-equipements-picto-equipement-de-base.svg\" alt=\"\">\n    <\/div>\n    <div class=\"c-block-service__title\">\n        <h2 class=\"title__small\">Basic equipment<\/h2>\n    <\/div>\n    <div class=\"c-block-service__content\">\n        <ul>\n<li style=\"text-align: center;\">Ski room<\/li>\n<li>Ski boot dryer<\/li>\n<li>Reception<\/li>\n<li>Reading room<\/li>\n<li>Bar &amp; Restaurant<\/li>\n<\/ul>\n    <\/div>\n       \n<\/div>\n<\/div>\n\n\n\n<div class=\"wp-block-column is-layout-flow wp-block-column-is-layout-flow\">\n\n<div id=\"block-block_60c7e0a3ff19f7d80b50130754239ec2\" class=\"c-block-service mb-md-60 mb-xs-40\">\n   \n    <div class=\"c-block-service__img\">\n        <img decoding=\"async\" src=\"https:\/\/le-besso.ch\/wp-content\/uploads\/sites\/7\/2022\/03\/hotel-zinal-equipements-picto-animaux.svg\" alt=\"\">\n    <\/div>\n    <div class=\"c-block-service__title\">\n        <h2 class=\"title__small\">Accessibility<\/h2>\n    <\/div>\n    <div class=\"c-block-service__content\">\n        <ul>\n<li style=\"text-align: center;\">Non-smoking establishment<\/li>\n<li style=\"text-align: center;\">Non-smoking rooms<\/li>\n<li>Dogs are allowed<\/li>\n<\/ul>\n    <\/div>\n       \n<\/div>\n<\/div>\n\n\n\n<div class=\"wp-block-column is-layout-flow wp-block-column-is-layout-flow\">\n\n<div id=\"block-block_30905f0058864663432c5ce523a41133\" class=\"c-block-service mb-md-60 mb-xs-40\">\n   \n    <div class=\"c-block-service__img\">\n        <img decoding=\"async\" src=\"https:\/\/le-besso.ch\/wp-content\/uploads\/sites\/7\/2022\/03\/hotel-zinal-equipements-picto-carte.svg\" alt=\"\">\n    <\/div>\n    <div class=\"c-block-service__title\">\n        <h2 class=\"title__small\">Access<\/h2>\n    <\/div>\n    <div class=\"c-block-service__content\">\n        <ul>\n<li>Bus<\/li>\n<li>Cab<\/li>\n<li>Car<\/li>\n<li>Cable car<\/li>\n<\/ul>\n    <\/div>\n       \n<\/div>\n<\/div>\n\n\n\n<div class=\"wp-block-column is-layout-flow wp-block-column-is-layout-flow\">\n\n<div id=\"block-block_32c653a0f1cbe8b50eff35d93d6685a9\" class=\"c-block-service mb-md-60 mb-xs-40\">\n   \n    <div class=\"c-block-service__img\">\n        <img decoding=\"async\" src=\"https:\/\/le-besso.ch\/wp-content\/uploads\/sites\/7\/2021\/12\/hotel-europe-zinal-equipements-picto-lieu.svg\" alt=\"\">\n    <\/div>\n    <div class=\"c-block-service__title\">\n        <h2 class=\"title__small\">Location<\/h2>\n    <\/div>\n    <div class=\"c-block-service__content\">\n        <ul>\n<li>Access: Bus | Taxi | Car Village center<\/li>\n<li>Proximity: cable car | ski slope Hiking trails Mountain bike trails<\/li>\n<li>Mountain<\/li>\n<\/ul>\n    <\/div>\n       \n<\/div>\n<\/div>\n<\/div>\n<\/div><\/div>\n\n\n\n<div class=\"wp-block-group c-zinal-articles-actualite mt-xs-150\"><div class=\"wp-block-group__inner-container is-layout-constrained wp-block-group-is-layout-constrained\">\n<h2 class=\"wp-block-heading has-text-align-center\"><strong>Our articles<\/strong><\/h2>\n\n\n\n<div style=\"height:70px\" aria-hidden=\"true\" class=\"wp-block-spacer\"><\/div>\n\n\n\n<div class=\"wp-block-columns c-cinq4000-actualite is-layout-flex wp-container-core-columns-is-layout-9d6595d7 wp-block-columns-is-layout-flex\">\n<div class=\"wp-block-column is-vertically-aligned-stretch is-layout-flow wp-block-column-is-layout-flow\">\n<div class=\"wp-block-group is-vertical is-content-justification-center is-layout-flex wp-container-core-group-is-layout-4b2eccd6 wp-block-group-is-layout-flex\">\n<figure class=\"wp-block-image size-full\"><img loading=\"lazy\" decoding=\"async\" width=\"396\" height=\"378\" src=\"https:\/\/le-besso.ch\/wp-content\/uploads\/sites\/7\/2024\/11\/hotel-cinq4000-nos-articles-article01-5.jpg\" alt=\"\" class=\"wp-image-1762\" style=\"object-fit:cover\" srcset=\"https:\/\/le-besso.ch\/wp-content\/uploads\/sites\/7\/2024\/11\/hotel-cinq4000-nos-articles-article01-5.jpg 396w, https:\/\/le-besso.ch\/wp-content\/uploads\/sites\/7\/2024\/11\/hotel-cinq4000-nos-articles-article01-5-300x286.jpg 300w\" sizes=\"auto, (max-width: 396px) 100vw, 396px\" \/><\/figure>\n\n\n\n<div style=\"height:0px\" aria-hidden=\"true\" class=\"wp-block-spacer wp-container-content-d613cd94\"><\/div>\n\n\n\n<h3 class=\"wp-block-heading has-text-align-center\" style=\"font-size:22px;font-style:normal;font-weight:400;text-transform:uppercase\"><strong>Hotel le besso<\/strong><br>Hotel Romantique Valais<\/h3>\n\n\n\n<div style=\"height:0px\" aria-hidden=\"true\" class=\"wp-block-spacer wp-container-content-d613cd94\"><\/div>\n<\/div>\n\n\n\n<div class=\"wp-block-buttons is-content-justification-center is-layout-flex wp-container-core-buttons-is-layout-e1485a7b wp-block-buttons-is-layout-flex\">\n<div class=\"wp-block-button\"><a class=\"wp-block-button__link has-background wp-element-button\" href=\"https:\/\/le-besso.ch\/en\/hotel-romantique-valais\/\" style=\"border-radius:0px;background-color:#6e6e6e;text-transform:uppercase\">Read the article<\/a><\/div>\n<\/div>\n<\/div>\n\n\n\n<div class=\"wp-block-column is-vertically-aligned-stretch is-layout-flow wp-block-column-is-layout-flow\">\n<div class=\"wp-block-group is-vertical is-content-justification-center is-layout-flex wp-container-core-group-is-layout-4b2eccd6 wp-block-group-is-layout-flex\">\n<figure class=\"wp-block-image size-full\"><img loading=\"lazy\" decoding=\"async\" width=\"396\" height=\"378\" src=\"https:\/\/le-besso.ch\/wp-content\/uploads\/sites\/7\/2024\/11\/hotel-cinq4000-nos-articles-article02-1.jpg\" alt=\"\" class=\"wp-image-1759\" style=\"object-fit:cover\" srcset=\"https:\/\/le-besso.ch\/wp-content\/uploads\/sites\/7\/2024\/11\/hotel-cinq4000-nos-articles-article02-1.jpg 396w, https:\/\/le-besso.ch\/wp-content\/uploads\/sites\/7\/2024\/11\/hotel-cinq4000-nos-articles-article02-1-300x286.jpg 300w\" sizes=\"auto, (max-width: 396px) 100vw, 396px\" \/><\/figure>\n\n\n\n<div style=\"height:0px\" aria-hidden=\"true\" class=\"wp-block-spacer wp-container-content-d613cd94\"><\/div>\n\n\n\n<h3 class=\"wp-block-heading has-text-align-center\" style=\"font-size:22px;font-style:normal;font-weight:400;text-transform:uppercase\"><strong>Hotel le besso<\/strong><br>Hiking Zinal<\/h3>\n\n\n\n<div style=\"height:0px\" aria-hidden=\"true\" class=\"wp-block-spacer wp-container-content-d613cd94\"><\/div>\n<\/div>\n\n\n\n<div class=\"wp-block-buttons is-content-justification-center is-layout-flex wp-container-core-buttons-is-layout-16018d1d wp-block-buttons-is-layout-flex\">\n<div class=\"wp-block-button\"><a class=\"wp-block-button__link has-background wp-element-button\" href=\"https:\/\/le-besso.ch\/en\/randonnee-zinal\/\" style=\"border-radius:0px;background-color:#6e6e6e;text-transform:uppercase\">Read the article<\/a><\/div>\n<\/div>\n<\/div>\n\n\n\n<div class=\"wp-block-column is-vertically-aligned-stretch is-layout-flow wp-block-column-is-layout-flow\"><\/div>\n<\/div>\n<\/div><\/div>\n","protected":false},"excerpt":{"rendered":"<p>Built in 1893, Zinal&#8217;s most charming hotel! Come and discover our 11-room, fully-equipped Swiss Romantic Lodge in the heart of Val d&#8217;Anniviers. We offer all the comforts you need for a romantic stay in Zinal. H\u00f4tel Le Besso is the ideal place for your next romantic getaway. Situated 300m from the Grimentz-Zinal ski lifts, our [&hellip;]<\/p>\n","protected":false},"author":1,"featured_media":0,"parent":0,"menu_order":0,"comment_status":"closed","ping_status":"closed","template":"","meta":{"_acf_changed":false,"footnotes":""},"class_list":["post-292","page","type-page","status-publish","hentry"],"acf":[],"yoast_head":"<!-- This site is optimized with the Yoast SEO plugin v26.1.1 - https:\/\/yoast.com\/wordpress\/plugins\/seo\/ -->\n<title>Hotel Zinal, Romantic lodge, Val d&#039;Anniviers | H\u00f4tel Le Besso<\/title>\n<meta name=\"description\" content=\"The Zinal-based Hotel Le Besso is a charming hotel for romantics located in Zinal, just a few steps from the slopes. Discover our fully-equipped rooms\" \/>\n<meta name=\"robots\" content=\"index, follow, max-snippet:-1, max-image-preview:large, max-video-preview:-1\" \/>\n<link rel=\"canonical\" href=\"https:\/\/le-besso.ch\/en\/\" \/>\n<meta property=\"og:locale\" content=\"en_US\" \/>\n<meta property=\"og:type\" content=\"article\" \/>\n<meta property=\"og:title\" content=\"Hotel Zinal, Romantic lodge, Val d&#039;Anniviers | H\u00f4tel Le Besso\" \/>\n<meta property=\"og:description\" content=\"The Zinal-based Hotel Le Besso is a charming hotel for romantics located in Zinal, just a few steps from the slopes. Discover our fully-equipped rooms\" \/>\n<meta property=\"og:url\" content=\"https:\/\/le-besso.ch\/en\/\" \/>\n<meta property=\"og:site_name\" content=\"Hotel Le Besso\" \/>\n<meta property=\"article:modified_time\" content=\"2025-10-31T13:05:00+00:00\" \/>\n<meta property=\"og:image\" content=\"https:\/\/le-besso.ch\/wp-content\/uploads\/sites\/7\/2021\/12\/hotel-europe-zinal-notre-hotel-logo-swiss-bike-hotel@2x.png\" \/>\n\t<meta property=\"og:image:width\" content=\"170\" \/>\n\t<meta property=\"og:image:height\" content=\"130\" \/>\n\t<meta property=\"og:image:type\" content=\"image\/png\" \/>\n<meta name=\"twitter:card\" content=\"summary_large_image\" \/>\n<meta name=\"twitter:label1\" content=\"Est. reading time\" \/>\n\t<meta name=\"twitter:data1\" content=\"2 minutes\" \/>\n<script type=\"application\/ld+json\" class=\"yoast-schema-graph\">{\"@context\":\"https:\/\/schema.org\",\"@graph\":[{\"@type\":\"WebPage\",\"@id\":\"https:\/\/le-besso.ch\/en\/\",\"url\":\"https:\/\/le-besso.ch\/en\/\",\"name\":\"Hotel Zinal, Romantic lodge, Val d'Anniviers | H\u00f4tel Le Besso\",\"isPartOf\":{\"@id\":\"https:\/\/le-besso.ch\/#website\"},\"primaryImageOfPage\":{\"@id\":\"https:\/\/le-besso.ch\/en\/#primaryimage\"},\"image\":{\"@id\":\"https:\/\/le-besso.ch\/en\/#primaryimage\"},\"thumbnailUrl\":\"https:\/\/dev.le-besso.ch\/wp-content\/uploads\/sites\/7\/2021\/12\/hotel-europe-zinal-notre-hotel-logo-swiss-bike-hotel@2x.png\",\"datePublished\":\"2022-01-18T08:23:20+00:00\",\"dateModified\":\"2025-10-31T13:05:00+00:00\",\"description\":\"The Zinal-based Hotel Le Besso is a charming hotel for romantics located in Zinal, just a few steps from the slopes. Discover our fully-equipped rooms\",\"breadcrumb\":{\"@id\":\"https:\/\/le-besso.ch\/en\/#breadcrumb\"},\"inLanguage\":\"en-US\",\"potentialAction\":[{\"@type\":\"ReadAction\",\"target\":[\"https:\/\/le-besso.ch\/en\/\"]}]},{\"@type\":\"ImageObject\",\"inLanguage\":\"en-US\",\"@id\":\"https:\/\/le-besso.ch\/en\/#primaryimage\",\"url\":\"https:\/\/dev.le-besso.ch\/wp-content\/uploads\/sites\/7\/2021\/12\/hotel-europe-zinal-notre-hotel-logo-swiss-bike-hotel@2x.png\",\"contentUrl\":\"https:\/\/dev.le-besso.ch\/wp-content\/uploads\/sites\/7\/2021\/12\/hotel-europe-zinal-notre-hotel-logo-swiss-bike-hotel@2x.png\"},{\"@type\":\"BreadcrumbList\",\"@id\":\"https:\/\/le-besso.ch\/en\/#breadcrumb\",\"itemListElement\":[{\"@type\":\"ListItem\",\"position\":1,\"name\":\"Accueil\",\"item\":\"https:\/\/le-besso.ch\/en\/\"},{\"@type\":\"ListItem\",\"position\":2,\"name\":\"Our hotel\"}]},{\"@type\":\"WebSite\",\"@id\":\"https:\/\/le-besso.ch\/#website\",\"url\":\"https:\/\/le-besso.ch\/\",\"name\":\"Hotel Le Besso\",\"description\":\"H\u00f4tel Zinal, chalet romantique, Val d&#039;Anniviers\",\"publisher\":{\"@id\":\"https:\/\/le-besso.ch\/#organization\"},\"potentialAction\":[{\"@type\":\"SearchAction\",\"target\":{\"@type\":\"EntryPoint\",\"urlTemplate\":\"https:\/\/le-besso.ch\/?s={search_term_string}\"},\"query-input\":{\"@type\":\"PropertyValueSpecification\",\"valueRequired\":true,\"valueName\":\"search_term_string\"}}],\"inLanguage\":\"en-US\"},{\"@type\":\"Organization\",\"@id\":\"https:\/\/le-besso.ch\/#organization\",\"name\":\"Hotel Le Besso\",\"url\":\"https:\/\/le-besso.ch\/\",\"logo\":{\"@type\":\"ImageObject\",\"inLanguage\":\"en-US\",\"@id\":\"https:\/\/le-besso.ch\/#\/schema\/logo\/image\/\",\"url\":\"https:\/\/dev.le-besso.ch\/wp-content\/uploads\/sites\/7\/2022\/01\/hotel-le-besso-zinal-logo.svg\",\"contentUrl\":\"https:\/\/dev.le-besso.ch\/wp-content\/uploads\/sites\/7\/2022\/01\/hotel-le-besso-zinal-logo.svg\",\"width\":200,\"height\":100,\"caption\":\"Hotel Le Besso\"},\"image\":{\"@id\":\"https:\/\/le-besso.ch\/#\/schema\/logo\/image\/\"}}]}<\/script>\n<!-- \/ Yoast SEO plugin. -->","yoast_head_json":{"title":"Hotel Zinal, Romantic lodge, Val d'Anniviers | H\u00f4tel Le Besso","description":"The Zinal-based Hotel Le Besso is a charming hotel for romantics located in Zinal, just a few steps from the slopes. Discover our fully-equipped rooms","robots":{"index":"index","follow":"follow","max-snippet":"max-snippet:-1","max-image-preview":"max-image-preview:large","max-video-preview":"max-video-preview:-1"},"canonical":"https:\/\/le-besso.ch\/en\/","og_locale":"en_US","og_type":"article","og_title":"Hotel Zinal, Romantic lodge, Val d'Anniviers | H\u00f4tel Le Besso","og_description":"The Zinal-based Hotel Le Besso is a charming hotel for romantics located in Zinal, just a few steps from the slopes. Discover our fully-equipped rooms","og_url":"https:\/\/le-besso.ch\/en\/","og_site_name":"Hotel Le Besso","article_modified_time":"2025-10-31T13:05:00+00:00","og_image":[{"width":170,"height":130,"url":"https:\/\/le-besso.ch\/wp-content\/uploads\/sites\/7\/2021\/12\/hotel-europe-zinal-notre-hotel-logo-swiss-bike-hotel@2x.png","type":"image\/png"}],"twitter_card":"summary_large_image","twitter_misc":{"Est. reading time":"2 minutes"},"schema":{"@context":"https:\/\/schema.org","@graph":[{"@type":"WebPage","@id":"https:\/\/le-besso.ch\/en\/","url":"https:\/\/le-besso.ch\/en\/","name":"Hotel Zinal, Romantic lodge, Val d'Anniviers | H\u00f4tel Le Besso","isPartOf":{"@id":"https:\/\/le-besso.ch\/#website"},"primaryImageOfPage":{"@id":"https:\/\/le-besso.ch\/en\/#primaryimage"},"image":{"@id":"https:\/\/le-besso.ch\/en\/#primaryimage"},"thumbnailUrl":"https:\/\/dev.le-besso.ch\/wp-content\/uploads\/sites\/7\/2021\/12\/hotel-europe-zinal-notre-hotel-logo-swiss-bike-hotel@2x.png","datePublished":"2022-01-18T08:23:20+00:00","dateModified":"2025-10-31T13:05:00+00:00","description":"The Zinal-based Hotel Le Besso is a charming hotel for romantics located in Zinal, just a few steps from the slopes. Discover our fully-equipped rooms","breadcrumb":{"@id":"https:\/\/le-besso.ch\/en\/#breadcrumb"},"inLanguage":"en-US","potentialAction":[{"@type":"ReadAction","target":["https:\/\/le-besso.ch\/en\/"]}]},{"@type":"ImageObject","inLanguage":"en-US","@id":"https:\/\/le-besso.ch\/en\/#primaryimage","url":"https:\/\/dev.le-besso.ch\/wp-content\/uploads\/sites\/7\/2021\/12\/hotel-europe-zinal-notre-hotel-logo-swiss-bike-hotel@2x.png","contentUrl":"https:\/\/dev.le-besso.ch\/wp-content\/uploads\/sites\/7\/2021\/12\/hotel-europe-zinal-notre-hotel-logo-swiss-bike-hotel@2x.png"},{"@type":"BreadcrumbList","@id":"https:\/\/le-besso.ch\/en\/#breadcrumb","itemListElement":[{"@type":"ListItem","position":1,"name":"Accueil","item":"https:\/\/le-besso.ch\/en\/"},{"@type":"ListItem","position":2,"name":"Our hotel"}]},{"@type":"WebSite","@id":"https:\/\/le-besso.ch\/#website","url":"https:\/\/le-besso.ch\/","name":"Hotel Le Besso","description":"H\u00f4tel Zinal, chalet romantique, Val d&#039;Anniviers","publisher":{"@id":"https:\/\/le-besso.ch\/#organization"},"potentialAction":[{"@type":"SearchAction","target":{"@type":"EntryPoint","urlTemplate":"https:\/\/le-besso.ch\/?s={search_term_string}"},"query-input":{"@type":"PropertyValueSpecification","valueRequired":true,"valueName":"search_term_string"}}],"inLanguage":"en-US"},{"@type":"Organization","@id":"https:\/\/le-besso.ch\/#organization","name":"Hotel Le Besso","url":"https:\/\/le-besso.ch\/","logo":{"@type":"ImageObject","inLanguage":"en-US","@id":"https:\/\/le-besso.ch\/#\/schema\/logo\/image\/","url":"https:\/\/dev.le-besso.ch\/wp-content\/uploads\/sites\/7\/2022\/01\/hotel-le-besso-zinal-logo.svg","contentUrl":"https:\/\/dev.le-besso.ch\/wp-content\/uploads\/sites\/7\/2022\/01\/hotel-le-besso-zinal-logo.svg","width":200,"height":100,"caption":"Hotel Le Besso"},"image":{"@id":"https:\/\/le-besso.ch\/#\/schema\/logo\/image\/"}}]}},"_links":{"self":[{"href":"https:\/\/le-besso.ch\/en\/wp-json\/wp\/v2\/pages\/292","targetHints":{"allow":["GET"]}}],"collection":[{"href":"https:\/\/le-besso.ch\/en\/wp-json\/wp\/v2\/pages"}],"about":[{"href":"https:\/\/le-besso.ch\/en\/wp-json\/wp\/v2\/types\/page"}],"author":[{"embeddable":true,"href":"https:\/\/le-besso.ch\/en\/wp-json\/wp\/v2\/users\/1"}],"replies":[{"embeddable":true,"href":"https:\/\/le-besso.ch\/en\/wp-json\/wp\/v2\/comments?post=292"}],"version-history":[{"count":79,"href":"https:\/\/le-besso.ch\/en\/wp-json\/wp\/v2\/pages\/292\/revisions"}],"predecessor-version":[{"id":1985,"href":"https:\/\/le-besso.ch\/en\/wp-json\/wp\/v2\/pages\/292\/revisions\/1985"}],"wp:attachment":[{"href":"https:\/\/le-besso.ch\/en\/wp-json\/wp\/v2\/media?parent=292"}],"curies":[{"name":"wp","href":"https:\/\/api.w.org\/{rel}","templated":true}]}}